{"id":33,"date":"2025-11-20T07:44:09","date_gmt":"2025-11-20T07:44:09","guid":{"rendered":"https:\/\/wp2.mystudentblog.com\/?page_id=33"},"modified":"2026-04-07T19:08:46","modified_gmt":"2026-04-07T19:08:46","slug":"je-suis-professionnel","status":"publish","type":"page","link":"https:\/\/wp2.mystudentblog.com\/?page_id=33","title":{"rendered":"Qui sommes nous ?"},"content":{"rendered":"\t\t<div data-elementor-type=\"wp-page\" data-elementor-id=\"33\" class=\"elementor elementor-33\">\n\t\t\t\t<div class=\"elementor-element elementor-element-7c29f50 e-flex e-con-boxed e-con e-parent\" data-id=\"7c29f50\" data-element_type=\"container\">\n\t\t\t\t\t<div class=\"e-con-inner\">\n\t\t<div class=\"elementor-element elementor-element-eab7960 e-con-full e-flex e-con e-child\" data-id=\"eab7960\" data-element_type=\"container\" data-settings=\"{&quot;background_background&quot;:&quot;slideshow&quot;,&quot;background_slideshow_gallery&quot;:[{&quot;id&quot;:183,&quot;url&quot;:&quot;https:\\\/\\\/wp2.mystudentblog.com\\\/wp-content\\\/uploads\\\/2026\\\/03\\\/occitanie-scaled.jpg&quot;}],&quot;background_slideshow_loop&quot;:&quot;yes&quot;,&quot;background_slideshow_slide_duration&quot;:5000,&quot;background_slideshow_slide_transition&quot;:&quot;fade&quot;,&quot;background_slideshow_transition_duration&quot;:500}\">\n\t\t\t\t<\/div>\n\t\t<div class=\"elementor-element elementor-element-fc6246d e-con-full e-flex e-con e-child\" data-id=\"fc6246d\" data-element_type=\"container\">\n\t\t\t\t<div class=\"elementor-element elementor-element-b9558db elementor-widget elementor-widget-heading\" data-id=\"b9558db\" data-element_type=\"widget\" data-widget_type=\"heading.default\">\n\t\t\t\t\t<h2 class=\"elementor-heading-title elementor-size-default\">O\u00f9 sommes nous ?<\/h2>\t\t\t\t<\/div>\n\t\t\t\t<div class=\"elementor-element elementor-element-c220de8 elementor-widget elementor-widget-heading\" data-id=\"c220de8\" data-element_type=\"widget\" data-widget_type=\"heading.default\">\n\t\t\t\t\t<h3 class=\"elementor-heading-title elementor-size-default\">Laissez-vous s\u00e9duire par l'accent chantant de l'Occitanie et l\u2019\u00e9nergie vibrante de Perpignan. <br>Des briques rouges du Castillet aux jardins du Palais des Rois de Majorque, la cit\u00e9 sang et or est une escale incontournable pour les amoureux de culture, de soleil et de gastronomie. <br>Entre mer et montagne, go\u00fbtez \u00e0 l'art de vivre d'une ville o\u00f9 chaque ruelle raconte une \u00e9pop\u00e9e m\u00e9diterran\u00e9enne.<\/h3>\t\t\t\t<\/div>\n\t\t\t\t<\/div>\n\t\t\t\t\t<\/div>\n\t\t\t\t<\/div>\n\t\t<div class=\"elementor-element elementor-element-a7ed77b e-flex e-con-boxed e-con e-parent\" data-id=\"a7ed77b\" data-element_type=\"container\">\n\t\t\t\t\t<div class=\"e-con-inner\">\n\t\t<div class=\"elementor-element elementor-element-e469756 e-con-full e-flex e-con e-child\" data-id=\"e469756\" data-element_type=\"container\">\n\t\t\t\t<div class=\"elementor-element elementor-element-d387c72 elementor-widget elementor-widget-heading\" data-id=\"d387c72\" data-element_type=\"widget\" data-widget_type=\"heading.default\">\n\t\t\t\t\t<h2 class=\"elementor-heading-title elementor-size-default\">Le sport le plus connu de la r\u00e9gion:<\/h2>\t\t\t\t<\/div>\n\t\t\t\t<div class=\"elementor-element elementor-element-a7464aa elementor-widget elementor-widget-heading\" data-id=\"a7464aa\" data-element_type=\"widget\" data-widget_type=\"heading.default\">\n\t\t\t\t\t<h3 class=\"elementor-heading-title elementor-size-default\">Bien plus qu'un club de rugby, l'USAP est l'\u00e2me de Perpignan. Portant fi\u00e8rement les couleurs \"Sang et Or\", ce club historique incarne l'identit\u00e9 et la ferveur catalane. Vibrer au stade Aim\u00e9 Giral au son de l'estaca est une exp\u00e9rience incontournable pour comprendre la passion qui unit les Perpignanais \u00e0 leur terre.<\/h3>\t\t\t\t<\/div>\n\t\t\t\t<\/div>\n\t\t<div class=\"elementor-element elementor-element-f627611 e-con-full e-flex e-con e-child\" data-id=\"f627611\" data-element_type=\"container\" data-settings=\"{&quot;background_background&quot;:&quot;slideshow&quot;,&quot;background_slideshow_gallery&quot;:[{&quot;id&quot;:188,&quot;url&quot;:&quot;https:\\\/\\\/wp2.mystudentblog.com\\\/wp-content\\\/uploads\\\/2026\\\/03\\\/usap.png&quot;}],&quot;background_slideshow_loop&quot;:&quot;yes&quot;,&quot;background_slideshow_slide_duration&quot;:5000,&quot;background_slideshow_slide_transition&quot;:&quot;fade&quot;,&quot;background_slideshow_transition_duration&quot;:500}\">\n\t\t\t\t<\/div>\n\t\t\t\t\t<\/div>\n\t\t\t\t<\/div>\n\t\t<div class=\"elementor-element elementor-element-8905341 e-flex e-con-boxed e-con e-parent\" data-id=\"8905341\" data-element_type=\"container\">\n\t\t\t\t\t<div class=\"e-con-inner\">\n\t\t<div class=\"elementor-element elementor-element-18dfee6 e-con-full e-flex e-con e-child\" data-id=\"18dfee6\" data-element_type=\"container\">\n\t\t\t\t<div class=\"elementor-element elementor-element-48bb51d elementor-widget__width-initial elementor-widget elementor-widget-image\" data-id=\"48bb51d\" data-element_type=\"widget\" data-widget_type=\"image.default\">\n\t\t\t\t\t\t\t\t\t\t\t\t\t\t\t<img fetchpriority=\"high\" decoding=\"async\" width=\"1024\" height=\"697\" src=\"https:\/\/wp2.mystudentblog.com\/wp-content\/uploads\/2026\/04\/grizzlys-groupe-1-1024x697.png\" class=\"attachment-large size-large wp-image-197\" alt=\"\" srcset=\"https:\/\/wp2.mystudentblog.com\/wp-content\/uploads\/2026\/04\/grizzlys-groupe-1-1024x697.png 1024w, https:\/\/wp2.mystudentblog.com\/wp-content\/uploads\/2026\/04\/grizzlys-groupe-1-300x204.png 300w, https:\/\/wp2.mystudentblog.com\/wp-content\/uploads\/2026\/04\/grizzlys-groupe-1-768x523.png 768w, https:\/\/wp2.mystudentblog.com\/wp-content\/uploads\/2026\/04\/grizzlys-groupe-1-1536x1045.png 1536w, https:\/\/wp2.mystudentblog.com\/wp-content\/uploads\/2026\/04\/grizzlys-groupe-1-2048x1394.png 2048w\" sizes=\"(max-width: 1024px) 100vw, 1024px\" \/>\t\t\t\t\t\t\t\t\t\t\t\t\t\t\t<\/div>\n\t\t\t\t<\/div>\n\t\t<div class=\"elementor-element elementor-element-7d5d03d e-con-full e-flex e-con e-child\" data-id=\"7d5d03d\" data-element_type=\"container\">\n\t\t\t\t<div class=\"elementor-element elementor-element-40c24a6 elementor-widget elementor-widget-heading\" data-id=\"40c24a6\" data-element_type=\"widget\" data-widget_type=\"heading.default\">\n\t\t\t\t\t<h2 class=\"elementor-heading-title elementor-size-default\">Une nouvelle d\u00e9couverte :<\/h2>\t\t\t\t<\/div>\n\t\t\t\t<div class=\"elementor-element elementor-element-296d505 elementor-widget elementor-widget-text-editor\" data-id=\"296d505\" data-element_type=\"widget\" data-widget_type=\"text-editor.default\">\n\t\t\t\t\t\t\t\t\t<p>Vivez l&rsquo;intensit\u00e9 du football am\u00e9ricain au c\u0153ur du Pays Catalan. Entre impacts spectaculaires, strat\u00e9gie de haut niveau et ambiance survolt\u00e9e, les Grizzlys vous promettent un show unique \u00e0 chaque match. La puissance du football am\u00e9ricain rencontre la ferveur du Pays Catalan.<\/p>\t\t\t\t\t\t\t\t<\/div>\n\t\t\t\t<\/div>\n\t\t\t\t\t<\/div>\n\t\t\t\t<\/div>\n\t\t\t\t<\/div>\n\t\t","protected":false},"excerpt":{"rendered":"<p>O\u00f9 sommes nous ? Laissez-vous s\u00e9duire par l&rsquo;accent chantant de l&rsquo;Occitanie et l\u2019\u00e9nergie vibrante de Perpignan. Des briques rouges du [&hellip;]<\/p>\n","protected":false},"author":2,"featured_media":0,"parent":0,"menu_order":0,"comment_status":"closed","ping_status":"closed","template":"","meta":{"site-sidebar-layout":"no-sidebar","site-content-layout":"","ast-site-content-layout":"full-width-container","site-content-style":"default","site-sidebar-style":"default","ast-global-header-display":"","ast-banner-title-visibility":"","ast-main-header-display":"","ast-hfb-above-header-display":"","ast-hfb-below-header-display":"","ast-hfb-mobile-header-display":"","site-post-title":"disabled","ast-breadcrumbs-content":"","ast-featured-img":"disabled","footer-sml-layout":"","theme-transparent-header-meta":"","adv-header-id-meta":"","stick-header-meta":"","header-above-stick-meta":"","header-main-stick-meta":"","header-below-stick-meta":"","astra-migrate-meta-layouts":"default","ast-page-background-enabled":"default","ast-page-background-meta":{"desktop":{"background-color":"var(--ast-global-color-5)","background-image":"","background-repeat":"repeat","background-position":"center center","background-size":"auto","background-attachment":"scroll","background-type":"","background-media":"","overlay-type":"","overlay-color":"","overlay-opacity":"","overlay-gradient":""},"tablet":{"background-color":"","background-image":"","background-repeat":"repeat","background-position":"center center","background-size":"auto","background-attachment":"scroll","background-type":"","background-media":"","overlay-type":"","overlay-color":"","overlay-opacity":"","overlay-gradient":""},"mobile":{"background-color":"","background-image":"","background-repeat":"repeat","background-position":"center center","background-size":"auto","background-attachment":"scroll","background-type":"","background-media":"","overlay-type":"","overlay-color":"","overlay-opacity":"","overlay-gradient":""}},"ast-content-background-meta":{"desktop":{"background-color":"var(--ast-global-color-4)","background-image":"","background-repeat":"repeat","background-position":"center center","background-size":"auto","background-attachment":"scroll","background-type":"","background-media":"","overlay-type":"","overlay-color":"","overlay-opacity":"","overlay-gradient":""},"tablet":{"background-color":"var(--ast-global-color-4)","background-image":"","background-repeat":"repeat","background-position":"center center","background-size":"auto","background-attachment":"scroll","background-type":"","background-media":"","overlay-type":"","overlay-color":"","overlay-opacity":"","overlay-gradient":""},"mobile":{"background-color":"var(--ast-global-color-4)","background-image":"","background-repeat":"repeat","background-position":"center center","background-size":"auto","background-attachment":"scroll","background-type":"","background-media":"","overlay-type":"","overlay-color":"","overlay-opacity":"","overlay-gradient":""}},"footnotes":""},"class_list":["post-33","page","type-page","status-publish","hentry"],"_links":{"self":[{"href":"https:\/\/wp2.mystudentblog.com\/index.php?rest_route=\/wp\/v2\/pages\/33","targetHints":{"allow":["GET"]}}],"collection":[{"href":"https:\/\/wp2.mystudentblog.com\/index.php?rest_route=\/wp\/v2\/pages"}],"about":[{"href":"https:\/\/wp2.mystudentblog.com\/index.php?rest_route=\/wp\/v2\/types\/page"}],"author":[{"embeddable":true,"href":"https:\/\/wp2.mystudentblog.com\/index.php?rest_route=\/wp\/v2\/users\/2"}],"replies":[{"embeddable":true,"href":"https:\/\/wp2.mystudentblog.com\/index.php?rest_route=%2Fwp%2Fv2%2Fcomments&post=33"}],"version-history":[{"count":32,"href":"https:\/\/wp2.mystudentblog.com\/index.php?rest_route=\/wp\/v2\/pages\/33\/revisions"}],"predecessor-version":[{"id":207,"href":"https:\/\/wp2.mystudentblog.com\/index.php?rest_route=\/wp\/v2\/pages\/33\/revisions\/207"}],"wp:attachment":[{"href":"https:\/\/wp2.mystudentblog.com\/index.php?rest_route=%2Fwp%2Fv2%2Fmedia&parent=33"}],"curies":[{"name":"wp","href":"https:\/\/api.w.org\/{rel}","templated":true}]}}